{"id":455,"date":"2013-03-15T16:11:49","date_gmt":"2013-03-15T16:11:49","guid":{"rendered":"http:\/\/qedcombustion.wsihosts.com\/?page_id=455"},"modified":"2016-01-08T12:39:06","modified_gmt":"2016-01-08T17:39:06","slug":"souffleurs-dair-de-combustion","status":"publish","type":"page","link":"https:\/\/qedcombustion.com\/fr\/composants-et-accessoires\/souffleurs-dair-de-combustion","title":{"rendered":"Souffleurs d\u2019air de combustion"},"content":{"rendered":"<h1>Souffleurs d\u2019air de combustion<\/h1>\n<h2>\u00c0 couper le souffle !<\/h2>\n<p>Les souffleurs Hauck en mat\u00e9riau composite sont con\u00e7us \u00e0 haute pr\u00e9cision pour un traitement de l\u2019air optimal. Leur forme complexe en courbe est con\u00e7ue pour une efficacit\u00e9 \u00e9lev\u00e9e et une \u00e9conomie d\u2019alimentation. Le co\u00fbt en investissement l\u00e9g\u00e8rement plus \u00e9lev\u00e9 de ce mod\u00e8le est vite amorti en \u00e9conomies d\u2019\u00e9nergie.<\/p>\n<h3>TBA &#8211; TBAB<\/h3>\n<div class=\"product-image\"><img decoding=\"async\" src=\"\/wp-content\/uploads\/2013\/02\/tba-tbab-e1360696139402.jpg\" alt=\"TBA TBAB\"\/><\/div>\n<p>Le souffleur \u00e0 entra\u00eenement direct Turbo Blower de Hauck est disponible dans six gammes de pression, de 12 \u00e0 36 onces par pouce carr\u00e9 (5,2 \u00e0 15,5 kPa), et dans soixante-trois largeurs diff\u00e9rentes, de 240 \u00e0 13 000 pi 3\/min (standard) (6,4 \u00e0 348 nm3\/min) pour assurer des volumes d\u2019air petits ou grands \u00e0 des pressions constantes. Le Turbo Blower est con\u00e7u pour fournir de l\u2019air pour de la combustion ou pour toute op\u00e9ration n\u00e9cessitant de l\u2019air \u00e0 basse pression. Des souffleurs m\u00e9triques et \u00e0 entra\u00eenement par courroie sont aussi disponibles.<\/p>\n<p>&nbsp;<br \/>\n&nbsp;&nbsp;<\/p>\n<h3>FSB-SBI-FBI<\/h3>\n<div class=\"product-image\"><img decoding=\"async\" src=\"\/wp-content\/uploads\/2013\/02\/fsb-sbi-fbi.jpg\" alt=\"FSB SBI FBI\"\/><\/div>\n<p>Hauck vous offre une gamme compl\u00e8te de filtres pour souffleurs, d\u2019att\u00e9nuateurs de bruit, et de filtres silencieux extr\u00eamement efficaces \u00e0 utiliser avec les Turbo Blowers TBA ou n\u2019importe quel souffleur de conception classique. Ces accessoires vous offrent non seulement une filtration de l\u2019air efficace avec une capacit\u00e9 d\u2019\u00e9limination des mati\u00e8res particulaires de plus de 90 % \u00e0 10 \u03bcm ou plus, mais aussi des r\u00e9ductions consid\u00e9rables en niveau de bruit dB(A) tout en causant une perte de pression minime du ventilateur.<\/p>\n","protected":false},"excerpt":{"rendered":"<p>Souffleurs d\u2019air de combustion \u00c0 couper le souffle ! Les souffleurs Hauck en mat\u00e9riau composite sont con\u00e7us \u00e0 haute pr\u00e9cision pour un traitement de l\u2019air optimal. Leur forme complexe en courbe est con\u00e7ue pour une efficacit\u00e9 \u00e9lev\u00e9e et une \u00e9conomie &hellip; <a href=\"https:\/\/qedcombustion.com\/fr\/composants-et-accessoires\/souffleurs-dair-de-combustion\">Continuer la lecture <span class=\"meta-nav\">&rarr;<\/span><\/a><\/p>\n","protected":false},"author":1,"featured_media":0,"parent":228,"menu_order":0,"comment_status":"closed","ping_status":"closed","template":"page-qed-sub.php","meta":{"footnotes":""},"class_list":["post-455","page","type-page","status-publish","hentry"],"yoast_head":"<!-- This site is optimized with the Yoast SEO plugin v26.8 - https:\/\/yoast.com\/product\/yoast-seo-wordpress\/ -->\n<title>Souffleurs d\u2019air de combustion Hauck chez QED Combustion<\/title>\n<meta name=\"description\" content=\"Souffleurs d\u2019air de combustion Hauck chez QED Combustion\" \/>\n<meta name=\"robots\" content=\"index, follow, max-snippet:-1, max-image-preview:large, max-video-preview:-1\" \/>\n<link rel=\"canonical\" href=\"https:\/\/qedcombustion.com\/fr\/composants-et-accessoires\/souffleurs-dair-de-combustion\" \/>\n<meta property=\"og:locale\" content=\"fr_FR\" \/>\n<meta property=\"og:type\" content=\"article\" \/>\n<meta property=\"og:title\" content=\"Souffleurs d\u2019air de combustion Hauck chez QED Combustion\" \/>\n<meta property=\"og:description\" content=\"Souffleurs d\u2019air de combustion Hauck chez QED Combustion\" \/>\n<meta property=\"og:url\" content=\"https:\/\/qedcombustion.com\/fr\/composants-et-accessoires\/souffleurs-dair-de-combustion\" \/>\n<meta property=\"og:site_name\" content=\"QED Combustion\" \/>\n<meta property=\"article:modified_time\" content=\"2016-01-08T17:39:06+00:00\" \/>\n<meta name=\"twitter:label1\" content=\"Dur\u00e9e de lecture estim\u00e9e\" \/>\n\t<meta name=\"twitter:data1\" content=\"1 minute\" \/>\n<script type=\"application\/ld+json\" class=\"yoast-schema-graph\">{\"@context\":\"https:\/\/schema.org\",\"@graph\":[{\"@type\":\"WebPage\",\"@id\":\"https:\/\/qedcombustion.com\/fr\/composants-et-accessoires\/souffleurs-dair-de-combustion\",\"url\":\"https:\/\/qedcombustion.com\/fr\/composants-et-accessoires\/souffleurs-dair-de-combustion\",\"name\":\"Souffleurs d\u2019air de combustion Hauck chez QED Combustion\",\"isPartOf\":{\"@id\":\"https:\/\/qedcombustion.com\/#website\"},\"datePublished\":\"2013-03-15T16:11:49+00:00\",\"dateModified\":\"2016-01-08T17:39:06+00:00\",\"description\":\"Souffleurs d\u2019air de combustion Hauck chez QED Combustion\",\"breadcrumb\":{\"@id\":\"https:\/\/qedcombustion.com\/fr\/composants-et-accessoires\/souffleurs-dair-de-combustion#breadcrumb\"},\"inLanguage\":\"fr-FR\",\"potentialAction\":[{\"@type\":\"ReadAction\",\"target\":[\"https:\/\/qedcombustion.com\/fr\/composants-et-accessoires\/souffleurs-dair-de-combustion\"]}]},{\"@type\":\"BreadcrumbList\",\"@id\":\"https:\/\/qedcombustion.com\/fr\/composants-et-accessoires\/souffleurs-dair-de-combustion#breadcrumb\",\"itemListElement\":[{\"@type\":\"ListItem\",\"position\":1,\"name\":\"Home\",\"item\":\"https:\/\/qedcombustion.com\/fr\"},{\"@type\":\"ListItem\",\"position\":2,\"name\":\"Composants et accessoires\",\"item\":\"https:\/\/qedcombustion.com\/fr\/composants-et-accessoires\"},{\"@type\":\"ListItem\",\"position\":3,\"name\":\"Souffleurs d\u2019air de combustion\"}]},{\"@type\":\"WebSite\",\"@id\":\"https:\/\/qedcombustion.com\/#website\",\"url\":\"https:\/\/qedcombustion.com\/\",\"name\":\"QED Combustion\",\"description\":\"\",\"potentialAction\":[{\"@type\":\"SearchAction\",\"target\":{\"@type\":\"EntryPoint\",\"urlTemplate\":\"https:\/\/qedcombustion.com\/?s={search_term_string}\"},\"query-input\":{\"@type\":\"PropertyValueSpecification\",\"valueRequired\":true,\"valueName\":\"search_term_string\"}}],\"inLanguage\":\"fr-FR\"}]}<\/script>\n<!-- \/ Yoast SEO plugin. -->","yoast_head_json":{"title":"Souffleurs d\u2019air de combustion Hauck chez QED Combustion","description":"Souffleurs d\u2019air de combustion Hauck chez QED Combustion","robots":{"index":"index","follow":"follow","max-snippet":"max-snippet:-1","max-image-preview":"max-image-preview:large","max-video-preview":"max-video-preview:-1"},"canonical":"https:\/\/qedcombustion.com\/fr\/composants-et-accessoires\/souffleurs-dair-de-combustion","og_locale":"fr_FR","og_type":"article","og_title":"Souffleurs d\u2019air de combustion Hauck chez QED Combustion","og_description":"Souffleurs d\u2019air de combustion Hauck chez QED Combustion","og_url":"https:\/\/qedcombustion.com\/fr\/composants-et-accessoires\/souffleurs-dair-de-combustion","og_site_name":"QED Combustion","article_modified_time":"2016-01-08T17:39:06+00:00","twitter_misc":{"Dur\u00e9e de lecture estim\u00e9e":"1 minute"},"schema":{"@context":"https:\/\/schema.org","@graph":[{"@type":"WebPage","@id":"https:\/\/qedcombustion.com\/fr\/composants-et-accessoires\/souffleurs-dair-de-combustion","url":"https:\/\/qedcombustion.com\/fr\/composants-et-accessoires\/souffleurs-dair-de-combustion","name":"Souffleurs d\u2019air de combustion Hauck chez QED Combustion","isPartOf":{"@id":"https:\/\/qedcombustion.com\/#website"},"datePublished":"2013-03-15T16:11:49+00:00","dateModified":"2016-01-08T17:39:06+00:00","description":"Souffleurs d\u2019air de combustion Hauck chez QED Combustion","breadcrumb":{"@id":"https:\/\/qedcombustion.com\/fr\/composants-et-accessoires\/souffleurs-dair-de-combustion#breadcrumb"},"inLanguage":"fr-FR","potentialAction":[{"@type":"ReadAction","target":["https:\/\/qedcombustion.com\/fr\/composants-et-accessoires\/souffleurs-dair-de-combustion"]}]},{"@type":"BreadcrumbList","@id":"https:\/\/qedcombustion.com\/fr\/composants-et-accessoires\/souffleurs-dair-de-combustion#breadcrumb","itemListElement":[{"@type":"ListItem","position":1,"name":"Home","item":"https:\/\/qedcombustion.com\/fr"},{"@type":"ListItem","position":2,"name":"Composants et accessoires","item":"https:\/\/qedcombustion.com\/fr\/composants-et-accessoires"},{"@type":"ListItem","position":3,"name":"Souffleurs d\u2019air de combustion"}]},{"@type":"WebSite","@id":"https:\/\/qedcombustion.com\/#website","url":"https:\/\/qedcombustion.com\/","name":"QED Combustion","description":"","potentialAction":[{"@type":"SearchAction","target":{"@type":"EntryPoint","urlTemplate":"https:\/\/qedcombustion.com\/?s={search_term_string}"},"query-input":{"@type":"PropertyValueSpecification","valueRequired":true,"valueName":"search_term_string"}}],"inLanguage":"fr-FR"}]}},"_links":{"self":[{"href":"https:\/\/qedcombustion.com\/fr\/wp-json\/wp\/v2\/pages\/455","targetHints":{"allow":["GET"]}}],"collection":[{"href":"https:\/\/qedcombustion.com\/fr\/wp-json\/wp\/v2\/pages"}],"about":[{"href":"https:\/\/qedcombustion.com\/fr\/wp-json\/wp\/v2\/types\/page"}],"author":[{"embeddable":true,"href":"https:\/\/qedcombustion.com\/fr\/wp-json\/wp\/v2\/users\/1"}],"replies":[{"embeddable":true,"href":"https:\/\/qedcombustion.com\/fr\/wp-json\/wp\/v2\/comments?post=455"}],"version-history":[{"count":7,"href":"https:\/\/qedcombustion.com\/fr\/wp-json\/wp\/v2\/pages\/455\/revisions"}],"predecessor-version":[{"id":779,"href":"https:\/\/qedcombustion.com\/fr\/wp-json\/wp\/v2\/pages\/455\/revisions\/779"}],"up":[{"embeddable":true,"href":"https:\/\/qedcombustion.com\/fr\/wp-json\/wp\/v2\/pages\/228"}],"wp:attachment":[{"href":"https:\/\/qedcombustion.com\/fr\/wp-json\/wp\/v2\/media?parent=455"}],"curies":[{"name":"wp","href":"https:\/\/api.w.org\/{rel}","templated":true}]}}