{"id":421,"date":"2013-02-28T16:38:45","date_gmt":"2013-02-28T16:38:45","guid":{"rendered":"http:\/\/qedcombustion.wsihosts.com\/?page_id=421"},"modified":"2026-04-09T15:57:32","modified_gmt":"2026-04-09T19:57:32","slug":"confidentialite","status":"publish","type":"page","link":"https:\/\/qedcombustion.com\/fr\/confidentialite","title":{"rendered":"Confidentialit\u00e9"},"content":{"rendered":"<h1>POLITIQUE DE CONFIDENTIALIT\u00c9<\/h1>\n<p>QED Combustion Inc a cr\u00e9\u00e9 cette politique de confidentialit\u00e9 afin de d\u00e9montrer notre engagement envers votre droit \u00e0 la confidentialit\u00e9. La politique suivante d\u00e9crit nos pratiques concernant la collecte de vos renseignements personnels ainsi que leur utilisation dans le cadre de ce site web.<\/p>\n<h3>Quelles informations recueillent QED Combustion Inc<\/h3>\n<p>Certaines informations telles que (mais sans s\u2019y limiter) votre nom, votre adresse, vos num\u00e9ros de contact, votre adresse courriel, vos pr\u00e9f\u00e9rences, vos int\u00e9r\u00eats et de l\u2019information relative aux clients peuvent \u00eatre collect\u00e9es par QED Combustion Inc \u00e0 des fins diverses.<\/p>\n<p>Le choix de la quantit\u00e9 d\u2019information fournie est cependant toujours sous votre contr\u00f4le, il faut toujours garder \u00e0 l\u2019esprit que certaines informations peuvent \u00eatre n\u00e9cessaires\/requises afin que nous puissions fournir de l\u2019aide ou un service.<\/p>\n<p>Nous n\u2019allons pas vendre, \u00e9changer ou distribuer les noms, les adresses courriel, ou les coordonn\u00e9es de nos abonn\u00e9s, sauf si requis par la loi.<\/p>\n<p>Nous pouvons utiliser vos renseignements personnels pour vous envoyer des informations promotionnelles sur des tiers que nous pensons que vous trouverez int\u00e9ressantes.<\/p>\n<h3>Ce que nous pouvons faire avec les informations que nous recueillons<\/h3>\n<p>QED Combustion Inc utilise les renseignements personnels recueillis aux fins suivantes :<\/p>\n<ol>\n<li>Tenue de dossiers internes<\/li>\n<li>Am\u00e9lioration des produits et services<\/li>\n<li>Communication promotionnelle et toute information, y compris les informations de tiers, dont nous puissions penser que vous trouverez int\u00e9ressantes<\/li>\n<li>Am\u00e9lioration et personnalisation du site Web.<\/li>\n<\/ol>\n<p>Vous pouvez en tout temps refuser de nous fournir vos renseignements personnels, cependant, il se peut que vous ne puissiez b\u00e9n\u00e9ficier de tous les services que QED Combustion Inc a \u00e0 vous offrir.<\/p>\n<h3>Renseignements personnels<\/h3>\n<p>Lorsque vous adh\u00e9rez \u00e0 un service qui n\u00e9cessite une inscription, nous vous demandons de fournir des renseignements personnels. Ces informations ne seront pas utilis\u00e9es de mani\u00e8re diff\u00e9rente que celles pour lesquelles elles ont \u00e9t\u00e9 recueillies. Le cas \u00e9ch\u00e9ant, QED Combustion Inc devra obtenir votre consentement pr\u00e9alable.<\/p>\n<p>Nous recueillons, utilisons et sommes responsables de certaines informations personnelles vous concernant. Ce faisant, nous sommes r\u00e9gis par la\u00a0<a href=\"https:\/\/www.legisquebec.gouv.qc.ca\/fr\/document\/lc\/P-39.1\" target=\"_blank\" rel=\"noopener\">loi 25<\/a>\u00a0(qui s\u2019applique au Qu\u00e9bec en vertu de la Commission d\u2019acc\u00e8s \u00e0 l\u2019information du Qu\u00e9bec (CAI), du\u00a0<a href=\"https:\/\/gdpr.eu\/tag\/gdpr\/\" target=\"_blank\" rel=\"noopener\">General Data Protection Regulation<\/a>\u00a0(qui s\u2019applique dans toute l\u2019Union europ\u00e9enne) ainsi que d\u2019autres lois sur la protection des donn\u00e9es et sommes responsables, en tant que contr\u00f4leur, de ces informations personnelles aux fins de ces lois.<\/p>\n<p>Nous avons nomm\u00e9 un responsable des donn\u00e9es personnelles qui est charg\u00e9 de r\u00e9pondre \u00e0 toutes les questions se rapportant \u00e0 ces principes de protection des donn\u00e9es personnelles. Si vous avez des questions au sujet de ces principes de protection des donn\u00e9es, y compris des requ\u00eates quant \u00e0 l\u2019exercice de vos droits l\u00e9gaux, n\u2019h\u00e9sitez pas \u00e0 contacter le Responsable de la protection des donn\u00e9es personnelles, en utilisant les coordonn\u00e9es ci-dessous.<\/p>\n<h3>Coordonn\u00e9es pour prendre contact<\/h3>\n<p>Si vous avez des questions au sujet de ces principes de protection des donn\u00e9es personnelles, n\u2019h\u00e9sitez pas \u00e0 contacter notre Responsable de la protection des donn\u00e9es personnelles, en utilisant l\u2019une des m\u00e9thodes suivantes :<\/p>\n<p><strong>Nom de la compagnie :<\/strong>\u00a0QED Combustion Inc<br \/>\n<strong>Nom du responsable :<\/strong>\u00a0Amanda Ranfft<br \/>\n<strong>Adresse courriel :<\/strong>\u00a0<a href=\"mailto:aranfft@qedwire.com\">aranfft@qedwire.com<\/a><br \/>\n<strong>Adresse postale :<\/strong>\u00a05261 Route Harwood, Vaudreuil-Dorion, Quebec Canada, J7V 0K2<\/p>\n<h3>Les t\u00e9moins de connexion (cookies) et comment nous les utilisons<\/h3>\n<p>Un t\u00e9moin de connexion (cookie) est un petit fichier qui demande l\u2019autorisation d\u2019\u00eatre plac\u00e9 sur le disque dur de votre ordinateur. Ce n\u2019est qu\u2019une fois que vous avez donn\u00e9 votre accord que le fichier est ajout\u00e9 et que le cookie en question aide \u00e0 analyser l\u2019achalandage sur le web ou vous permet de savoir quand vous visitez un site particulier.<\/p>\n<p>Les t\u00e9moins de connexion permettent aux applications web de vous r\u00e9pondre en tant qu\u2019individu. L\u2019application web peut, en raison des t\u00e9moins de connexion, adapter ses op\u00e9rations \u00e0 vos besoins, vos go\u00fbts et vos aversions en recueillant et en se souvenant d\u2019informations sur vos pr\u00e9f\u00e9rences. Voici plus de d\u00e9tails sur les types de t\u00e9moins :<\/p>\n<p><strong>N\u00e9cessaires<\/strong>\u00a0\u2013 Les t\u00e9moins n\u00e9cessaires sont absolument indispensables au bon fonctionnement du site web. Cette cat\u00e9gorie ne comprend que les cookies qui garantissent les fonctionnalit\u00e9s de base et les caract\u00e9ristiques de s\u00e9curit\u00e9 du site web. Ces cookies ne stockent aucune information personnelle.<\/p>\n<p><strong>Fonctionnels<\/strong>\u00a0\u2013 Les t\u00e9moins fonctionnels permettent d\u2019ex\u00e9cuter certaines fonctionnalit\u00e9s telles que le partage du contenu du site web sur des plateformes de m\u00e9dias sociaux, la collecte de commentaires et d\u2019autres fonctions de tiers.<\/p>\n<p><strong>Performance<\/strong>\u00a0\u2013 Les t\u00e9moins de performance sont utilis\u00e9s pour comprendre et analyser les principaux indices de performance du site web, ce qui permet d\u2019offrir une meilleure exp\u00e9rience utilisateur aux visiteurs.<\/p>\n<p><strong>Publicit\u00e9<\/strong>\u00a0\u2013 Les t\u00e9moins publicitaires sont utilis\u00e9s pour offrir aux visiteurs des publicit\u00e9s et des campagnes de marketing pertinentes. Ces cookies suivent les visiteurs sur les sites web et collectent des informations pour proposer des publicit\u00e9s personnalis\u00e9es.<\/p>\n<p><strong>Autres<\/strong>\u00a0\u2013 Les autres cookies non class\u00e9s sont ceux qui sont en cours d\u2019analyse et qui n\u2019ont pas encore \u00e9t\u00e9 class\u00e9s dans une cat\u00e9gorie.<\/p>\n<p>Les t\u00e9moins de connexion peuvent \u00eatre accept\u00e9s, personnalis\u00e9s ou refus\u00e9s dans la barre de consentement des cookies. La plupart des navigateurs web acceptent automatiquement les t\u00e9moins de connexion, mais vous pouvez g\u00e9n\u00e9ralement modifier les param\u00e8tres de votre navigateur pour refuser les t\u00e9moins de connexion si vous le souhaitez.<\/p>\n<p>Veuillez toutefois noter que le refus d\u2019acc\u00e8s aux t\u00e9moins de connexion peut vous emp\u00eacher de profiter pleinement du site web.<\/p>\n<h3>Changements \u00e0 la politique de confidentialit\u00e9<\/h3>\n<p>Nous nous r\u00e9servons le droit de modifier cette politique de confidentialit\u00e9, par contre nous ne r\u00e9duirons pas vos droits en vertu de la pr\u00e9sente politique sans votre consentement pr\u00e9alable.<\/p>\n<h3>Pour nous joindre<\/h3>\n<p>Si vous avez des questions concernant cette politique de confidentialit\u00e9, les pratiques de ce site ou vos interactions avec ce site, vous pouvez nous contacter par courriel \u00e0 l\u2019adresse suivante :\u00a0<a href=\"mailto:aranfft@qedwire.com\">aranfft@qedwire.com<\/a>.<\/p>\n","protected":false},"excerpt":{"rendered":"<p>POLITIQUE DE CONFIDENTIALIT\u00c9 QED Combustion Inc a cr\u00e9\u00e9 cette politique de confidentialit\u00e9 afin de d\u00e9montrer notre engagement envers votre droit \u00e0 la confidentialit\u00e9. La politique suivante d\u00e9crit nos pratiques concernant la collecte de vos renseignements personnels ainsi que leur utilisation &hellip; <a href=\"https:\/\/qedcombustion.com\/fr\/confidentialite\">Continuer la lecture <span class=\"meta-nav\">&rarr;<\/span><\/a><\/p>\n","protected":false},"author":1,"featured_media":0,"parent":0,"menu_order":0,"comment_status":"closed","ping_status":"closed","template":"page-qed-sub.php","meta":{"footnotes":""},"class_list":["post-421","page","type-page","status-publish","hentry"],"yoast_head":"<!-- This site is optimized with the Yoast SEO plugin v26.8 - https:\/\/yoast.com\/product\/yoast-seo-wordpress\/ -->\n<title>Politique de confidentialit\u00e9 QED Combustion<\/title>\n<meta name=\"description\" content=\"Politique de confidentialit\u00e9 QED Combustion\" \/>\n<meta name=\"robots\" content=\"index, follow, max-snippet:-1, max-image-preview:large, max-video-preview:-1\" \/>\n<link rel=\"canonical\" href=\"https:\/\/qedcombustion.com\/fr\/confidentialite\" \/>\n<meta property=\"og:locale\" content=\"fr_FR\" \/>\n<meta property=\"og:type\" content=\"article\" \/>\n<meta property=\"og:title\" content=\"Politique de confidentialit\u00e9 QED Combustion\" \/>\n<meta property=\"og:description\" content=\"Politique de confidentialit\u00e9 QED Combustion\" \/>\n<meta property=\"og:url\" content=\"https:\/\/qedcombustion.com\/fr\/confidentialite\" \/>\n<meta property=\"og:site_name\" content=\"QED Combustion\" \/>\n<meta property=\"article:modified_time\" content=\"2026-04-09T19:57:32+00:00\" \/>\n<meta name=\"twitter:label1\" content=\"Dur\u00e9e de lecture estim\u00e9e\" \/>\n\t<meta name=\"twitter:data1\" content=\"5 minutes\" \/>\n<script type=\"application\/ld+json\" class=\"yoast-schema-graph\">{\"@context\":\"https:\/\/schema.org\",\"@graph\":[{\"@type\":\"WebPage\",\"@id\":\"https:\/\/qedcombustion.com\/fr\/confidentialite\",\"url\":\"https:\/\/qedcombustion.com\/fr\/confidentialite\",\"name\":\"Politique de confidentialit\u00e9 QED Combustion\",\"isPartOf\":{\"@id\":\"https:\/\/qedcombustion.com\/#website\"},\"datePublished\":\"2013-02-28T16:38:45+00:00\",\"dateModified\":\"2026-04-09T19:57:32+00:00\",\"description\":\"Politique de confidentialit\u00e9 QED Combustion\",\"breadcrumb\":{\"@id\":\"https:\/\/qedcombustion.com\/fr\/confidentialite#breadcrumb\"},\"inLanguage\":\"fr-FR\",\"potentialAction\":[{\"@type\":\"ReadAction\",\"target\":[\"https:\/\/qedcombustion.com\/fr\/confidentialite\"]}]},{\"@type\":\"BreadcrumbList\",\"@id\":\"https:\/\/qedcombustion.com\/fr\/confidentialite#breadcrumb\",\"itemListElement\":[{\"@type\":\"ListItem\",\"position\":1,\"name\":\"Home\",\"item\":\"https:\/\/qedcombustion.com\/fr\"},{\"@type\":\"ListItem\",\"position\":2,\"name\":\"Confidentialit\u00e9\"}]},{\"@type\":\"WebSite\",\"@id\":\"https:\/\/qedcombustion.com\/#website\",\"url\":\"https:\/\/qedcombustion.com\/\",\"name\":\"QED Combustion\",\"description\":\"\",\"potentialAction\":[{\"@type\":\"SearchAction\",\"target\":{\"@type\":\"EntryPoint\",\"urlTemplate\":\"https:\/\/qedcombustion.com\/?s={search_term_string}\"},\"query-input\":{\"@type\":\"PropertyValueSpecification\",\"valueRequired\":true,\"valueName\":\"search_term_string\"}}],\"inLanguage\":\"fr-FR\"}]}<\/script>\n<!-- \/ Yoast SEO plugin. -->","yoast_head_json":{"title":"Politique de confidentialit\u00e9 QED Combustion","description":"Politique de confidentialit\u00e9 QED Combustion","robots":{"index":"index","follow":"follow","max-snippet":"max-snippet:-1","max-image-preview":"max-image-preview:large","max-video-preview":"max-video-preview:-1"},"canonical":"https:\/\/qedcombustion.com\/fr\/confidentialite","og_locale":"fr_FR","og_type":"article","og_title":"Politique de confidentialit\u00e9 QED Combustion","og_description":"Politique de confidentialit\u00e9 QED Combustion","og_url":"https:\/\/qedcombustion.com\/fr\/confidentialite","og_site_name":"QED Combustion","article_modified_time":"2026-04-09T19:57:32+00:00","twitter_misc":{"Dur\u00e9e de lecture estim\u00e9e":"5 minutes"},"schema":{"@context":"https:\/\/schema.org","@graph":[{"@type":"WebPage","@id":"https:\/\/qedcombustion.com\/fr\/confidentialite","url":"https:\/\/qedcombustion.com\/fr\/confidentialite","name":"Politique de confidentialit\u00e9 QED Combustion","isPartOf":{"@id":"https:\/\/qedcombustion.com\/#website"},"datePublished":"2013-02-28T16:38:45+00:00","dateModified":"2026-04-09T19:57:32+00:00","description":"Politique de confidentialit\u00e9 QED Combustion","breadcrumb":{"@id":"https:\/\/qedcombustion.com\/fr\/confidentialite#breadcrumb"},"inLanguage":"fr-FR","potentialAction":[{"@type":"ReadAction","target":["https:\/\/qedcombustion.com\/fr\/confidentialite"]}]},{"@type":"BreadcrumbList","@id":"https:\/\/qedcombustion.com\/fr\/confidentialite#breadcrumb","itemListElement":[{"@type":"ListItem","position":1,"name":"Home","item":"https:\/\/qedcombustion.com\/fr"},{"@type":"ListItem","position":2,"name":"Confidentialit\u00e9"}]},{"@type":"WebSite","@id":"https:\/\/qedcombustion.com\/#website","url":"https:\/\/qedcombustion.com\/","name":"QED Combustion","description":"","potentialAction":[{"@type":"SearchAction","target":{"@type":"EntryPoint","urlTemplate":"https:\/\/qedcombustion.com\/?s={search_term_string}"},"query-input":{"@type":"PropertyValueSpecification","valueRequired":true,"valueName":"search_term_string"}}],"inLanguage":"fr-FR"}]}},"_links":{"self":[{"href":"https:\/\/qedcombustion.com\/fr\/wp-json\/wp\/v2\/pages\/421","targetHints":{"allow":["GET"]}}],"collection":[{"href":"https:\/\/qedcombustion.com\/fr\/wp-json\/wp\/v2\/pages"}],"about":[{"href":"https:\/\/qedcombustion.com\/fr\/wp-json\/wp\/v2\/types\/page"}],"author":[{"embeddable":true,"href":"https:\/\/qedcombustion.com\/fr\/wp-json\/wp\/v2\/users\/1"}],"replies":[{"embeddable":true,"href":"https:\/\/qedcombustion.com\/fr\/wp-json\/wp\/v2\/comments?post=421"}],"version-history":[{"count":5,"href":"https:\/\/qedcombustion.com\/fr\/wp-json\/wp\/v2\/pages\/421\/revisions"}],"predecessor-version":[{"id":899,"href":"https:\/\/qedcombustion.com\/fr\/wp-json\/wp\/v2\/pages\/421\/revisions\/899"}],"wp:attachment":[{"href":"https:\/\/qedcombustion.com\/fr\/wp-json\/wp\/v2\/media?parent=421"}],"curies":[{"name":"wp","href":"https:\/\/api.w.org\/{rel}","templated":true}]}}