{"id":232,"date":"2013-02-11T19:23:25","date_gmt":"2013-02-11T19:23:25","guid":{"rendered":"http:\/\/qedcombustion.wsihosts.com\/?page_id=232"},"modified":"2020-08-03T13:28:55","modified_gmt":"2020-08-03T17:28:55","slug":"services-fr","status":"publish","type":"page","link":"https:\/\/qedcombustion.com\/fr\/services-fr","title":{"rendered":"Services"},"content":{"rendered":"<h1>Services d\u2019ing\u00e9nierie et services technique<\/h1>\n<h2>Des professionnels \u00e0 votre service<\/h2>\n<p><img decoding=\"async\" style=\"float: right; margin: 15px; border: 3px solid #ccc; padding: 1px;\" src=\"\/wp-content\/uploads\/2013\/01\/services-1-e1360695146359.jpg\" alt=\"services\" \/>Le personnel technique de QED Combustion a l\u2019exp\u00e9rience, la comp\u00e9tence et l\u2019enthousiasme pour r\u00e9aliser votre projet. Notre \u00e9quipe d\u2019ing\u00e9nieurs qualifi\u00e9s, nos techniciens et nos dessinateurs travaillent en \u00e9troite collaboration pour offrir \u00e0 nos clients des solutions compl\u00e8tes en combustion industrielle. Nous avons acquis une solide expertise et nous disposons d\u2019une base de connaissances approfondies en br\u00fbleurs, syst\u00e8mes de contr\u00f4les, ainsi qu\u2019en modernisation et conception de nouveaux fourneaux. Ceci nous permet d\u2019offrir la technologie en combustion la plus performante et la plus actuelle, \u00e0 la fois conforme aux exigences de nos clients et aux normes en vigueur.<\/p>\n<p>QED Combustion offre ses services dans les domaines de sp\u00e9cialisation suivants :<img decoding=\"async\" style=\"float: right; margin: 15px; border: 3px solid #ccc; padding: 1px;\" src=\"\/wp-content\/uploads\/2013\/01\/services-2-e1360695453411.jpg\" alt=\"\" \/><\/p>\n<ul>\n<li>Conception de syst\u00e8me de combustion \u00e0 impulsion<\/li>\n<li>Syst\u00e8mes de gestion de br\u00fbleur<\/li>\n<li>Service sur site et mise en exploitation<\/li>\n<li>Modification et mise \u00e0 niveau de fourneau en place<\/li>\n<li>Expert-conseil en approbation d\u2019\u00e9quipement<\/li>\n<li>Analyse en m\u00e9canique des fluides num\u00e9rique (MFN)<\/li>\n<li>Formation pour l\u2019entretien et la maintenance des installations de combustion<\/li>\n<\/ul>\n<p>Du plus basique panneau de contr\u00f4le pour br\u00fbleur unique aux technologies d\u2019analyse de pointe en m\u00e9canique des fluides num\u00e9rique, nos ing\u00e9nieurs et techniciens sont \u00e0 votre disposition. Notre entreprise est ax\u00e9e sur la satisfaction de nos clients et nous n\u2019avons pas peur de mettre la main \u00e0 la p\u00e2te quand le travail de terrain nous appelle.<\/p>\n<p>Analyse en m\u00e9canique des fluides num\u00e9rique d\u2019un ratio gaz\/air<br \/>\nse m\u00e9langeant dans le lit fluidis\u00e9 d\u2019un br\u00fbleur<\/p>\n<p><img decoding=\"async\" style=\"float: right; margin: 15px;\" src=\"\/wp-content\/uploads\/2013\/02\/services-3-e1360782805970.jpg\" alt=\"services\" \/><\/p>\n","protected":false},"excerpt":{"rendered":"<p>Services d\u2019ing\u00e9nierie et services technique Des professionnels \u00e0 votre service Le personnel technique de QED Combustion a l\u2019exp\u00e9rience, la comp\u00e9tence et l\u2019enthousiasme pour r\u00e9aliser votre projet. Notre \u00e9quipe d\u2019ing\u00e9nieurs qualifi\u00e9s, nos techniciens et nos dessinateurs travaillent en \u00e9troite collaboration pour &hellip; <a href=\"https:\/\/qedcombustion.com\/fr\/services-fr\">Continuer la lecture <span class=\"meta-nav\">&rarr;<\/span><\/a><\/p>\n","protected":false},"author":1,"featured_media":0,"parent":0,"menu_order":0,"comment_status":"closed","ping_status":"closed","template":"page-qed-sub.php","meta":{"footnotes":""},"class_list":["post-232","page","type-page","status-publish","hentry"],"yoast_head":"<!-- This site is optimized with the Yoast SEO plugin v26.8 - https:\/\/yoast.com\/product\/yoast-seo-wordpress\/ -->\n<title>Services d\u2019ing\u00e9nierie et services technique QED Combustion<\/title>\n<meta name=\"description\" content=\"Services d\u2019ing\u00e9nierie et services technique QED Combustion\" \/>\n<meta name=\"robots\" content=\"index, follow, max-snippet:-1, max-image-preview:large, max-video-preview:-1\" \/>\n<link rel=\"canonical\" href=\"https:\/\/qedcombustion.com\/fr\/services-fr\" \/>\n<meta property=\"og:locale\" content=\"fr_FR\" \/>\n<meta property=\"og:type\" content=\"article\" \/>\n<meta property=\"og:title\" content=\"Services d\u2019ing\u00e9nierie et services technique QED Combustion\" \/>\n<meta property=\"og:description\" content=\"Services d\u2019ing\u00e9nierie et services technique QED Combustion\" \/>\n<meta property=\"og:url\" content=\"https:\/\/qedcombustion.com\/fr\/services-fr\" \/>\n<meta property=\"og:site_name\" content=\"QED Combustion\" \/>\n<meta property=\"article:modified_time\" content=\"2020-08-03T17:28:55+00:00\" \/>\n<meta name=\"twitter:label1\" content=\"Dur\u00e9e de lecture estim\u00e9e\" \/>\n\t<meta name=\"twitter:data1\" content=\"1 minute\" \/>\n<script type=\"application\/ld+json\" class=\"yoast-schema-graph\">{\"@context\":\"https:\/\/schema.org\",\"@graph\":[{\"@type\":\"WebPage\",\"@id\":\"https:\/\/qedcombustion.com\/fr\/services-fr\",\"url\":\"https:\/\/qedcombustion.com\/fr\/services-fr\",\"name\":\"Services d\u2019ing\u00e9nierie et services technique QED Combustion\",\"isPartOf\":{\"@id\":\"https:\/\/qedcombustion.com\/#website\"},\"datePublished\":\"2013-02-11T19:23:25+00:00\",\"dateModified\":\"2020-08-03T17:28:55+00:00\",\"description\":\"Services d\u2019ing\u00e9nierie et services technique QED Combustion\",\"breadcrumb\":{\"@id\":\"https:\/\/qedcombustion.com\/fr\/services-fr#breadcrumb\"},\"inLanguage\":\"fr-FR\",\"potentialAction\":[{\"@type\":\"ReadAction\",\"target\":[\"https:\/\/qedcombustion.com\/fr\/services-fr\"]}]},{\"@type\":\"BreadcrumbList\",\"@id\":\"https:\/\/qedcombustion.com\/fr\/services-fr#breadcrumb\",\"itemListElement\":[{\"@type\":\"ListItem\",\"position\":1,\"name\":\"Home\",\"item\":\"https:\/\/qedcombustion.com\/fr\"},{\"@type\":\"ListItem\",\"position\":2,\"name\":\"Services\"}]},{\"@type\":\"WebSite\",\"@id\":\"https:\/\/qedcombustion.com\/#website\",\"url\":\"https:\/\/qedcombustion.com\/\",\"name\":\"QED Combustion\",\"description\":\"\",\"potentialAction\":[{\"@type\":\"SearchAction\",\"target\":{\"@type\":\"EntryPoint\",\"urlTemplate\":\"https:\/\/qedcombustion.com\/?s={search_term_string}\"},\"query-input\":{\"@type\":\"PropertyValueSpecification\",\"valueRequired\":true,\"valueName\":\"search_term_string\"}}],\"inLanguage\":\"fr-FR\"}]}<\/script>\n<!-- \/ Yoast SEO plugin. -->","yoast_head_json":{"title":"Services d\u2019ing\u00e9nierie et services technique QED Combustion","description":"Services d\u2019ing\u00e9nierie et services technique QED Combustion","robots":{"index":"index","follow":"follow","max-snippet":"max-snippet:-1","max-image-preview":"max-image-preview:large","max-video-preview":"max-video-preview:-1"},"canonical":"https:\/\/qedcombustion.com\/fr\/services-fr","og_locale":"fr_FR","og_type":"article","og_title":"Services d\u2019ing\u00e9nierie et services technique QED Combustion","og_description":"Services d\u2019ing\u00e9nierie et services technique QED Combustion","og_url":"https:\/\/qedcombustion.com\/fr\/services-fr","og_site_name":"QED Combustion","article_modified_time":"2020-08-03T17:28:55+00:00","twitter_misc":{"Dur\u00e9e de lecture estim\u00e9e":"1 minute"},"schema":{"@context":"https:\/\/schema.org","@graph":[{"@type":"WebPage","@id":"https:\/\/qedcombustion.com\/fr\/services-fr","url":"https:\/\/qedcombustion.com\/fr\/services-fr","name":"Services d\u2019ing\u00e9nierie et services technique QED Combustion","isPartOf":{"@id":"https:\/\/qedcombustion.com\/#website"},"datePublished":"2013-02-11T19:23:25+00:00","dateModified":"2020-08-03T17:28:55+00:00","description":"Services d\u2019ing\u00e9nierie et services technique QED Combustion","breadcrumb":{"@id":"https:\/\/qedcombustion.com\/fr\/services-fr#breadcrumb"},"inLanguage":"fr-FR","potentialAction":[{"@type":"ReadAction","target":["https:\/\/qedcombustion.com\/fr\/services-fr"]}]},{"@type":"BreadcrumbList","@id":"https:\/\/qedcombustion.com\/fr\/services-fr#breadcrumb","itemListElement":[{"@type":"ListItem","position":1,"name":"Home","item":"https:\/\/qedcombustion.com\/fr"},{"@type":"ListItem","position":2,"name":"Services"}]},{"@type":"WebSite","@id":"https:\/\/qedcombustion.com\/#website","url":"https:\/\/qedcombustion.com\/","name":"QED Combustion","description":"","potentialAction":[{"@type":"SearchAction","target":{"@type":"EntryPoint","urlTemplate":"https:\/\/qedcombustion.com\/?s={search_term_string}"},"query-input":{"@type":"PropertyValueSpecification","valueRequired":true,"valueName":"search_term_string"}}],"inLanguage":"fr-FR"}]}},"_links":{"self":[{"href":"https:\/\/qedcombustion.com\/fr\/wp-json\/wp\/v2\/pages\/232","targetHints":{"allow":["GET"]}}],"collection":[{"href":"https:\/\/qedcombustion.com\/fr\/wp-json\/wp\/v2\/pages"}],"about":[{"href":"https:\/\/qedcombustion.com\/fr\/wp-json\/wp\/v2\/types\/page"}],"author":[{"embeddable":true,"href":"https:\/\/qedcombustion.com\/fr\/wp-json\/wp\/v2\/users\/1"}],"replies":[{"embeddable":true,"href":"https:\/\/qedcombustion.com\/fr\/wp-json\/wp\/v2\/comments?post=232"}],"version-history":[{"count":8,"href":"https:\/\/qedcombustion.com\/fr\/wp-json\/wp\/v2\/pages\/232\/revisions"}],"predecessor-version":[{"id":836,"href":"https:\/\/qedcombustion.com\/fr\/wp-json\/wp\/v2\/pages\/232\/revisions\/836"}],"wp:attachment":[{"href":"https:\/\/qedcombustion.com\/fr\/wp-json\/wp\/v2\/media?parent=232"}],"curies":[{"name":"wp","href":"https:\/\/api.w.org\/{rel}","templated":true}]}}