{"id":230,"date":"2013-02-11T19:22:44","date_gmt":"2013-02-11T19:22:44","guid":{"rendered":"http:\/\/qedcombustion.wsihosts.com\/?page_id=230"},"modified":"2020-08-04T16:22:03","modified_gmt":"2020-08-04T20:22:03","slug":"profil","status":"publish","type":"page","link":"https:\/\/qedcombustion.com\/fr\/profil","title":{"rendered":"Profil"},"content":{"rendered":"<h1>\u00c0 propos de QED Combustion<\/h1>\n<h2>Repr\u00e9sentant exclusif de Hauck Manufacturing Lt\u00e9e. pour br\u00fbleurs, vannes et composants<\/h2>\n<p>QED est une entreprise sp\u00e9cialis\u00e9e dans la conception et l\u2019approvisionnement en syst\u00e8mes de combustion industriels et en mat\u00e9riel, notamment pour la modernisation de fourneaux de type industriel, en r\u00e9chauffeurs d\u2019air et en s\u00e9choirs rotatifs.<\/p>\n<p>Voici la gamme de nos principaux produits :<\/p>\n<ul>\n<li>Syst\u00e8mes de contr\u00f4le pour br\u00fbleur \u00e0 impulsion<\/li>\n<li>Syst\u00e8mes de contr\u00f4le \u00e0 d\u00e9bit massique<\/li>\n<li>Syst\u00e8mes \u00e0 travers\u00e9e connect\u00e9s<\/li>\n<li>Syst\u00e8mes de contr\u00f4le \u00e0 logique de relais et \u00e0 automate programmable (PLC) faits sur mesure<\/li>\n<li>Syst\u00e8mes de br\u00fbleurs d\u2019immersion<\/li>\n<li>Syst\u00e8mes de br\u00fbleurs auto-r\u00e9cup\u00e9rateurs (tube radiant)<\/li>\n<li>Souffleurs de combustion, \u00e0 entra\u00eenement direct, \u00e0 entra\u00eenement par courroie incluant filtres et att\u00e9nuateurs de bruit<\/li>\n<\/ul>\n<div class=\"cta\"><a href=\"\/fr\/contact\">Contacter QED Combustion<\/a> pour en savoir davantage sur nos br\u00fbleurs et nos syst\u00e8mes de contr\u00f4le de br\u00fbleurs.<\/div>\n","protected":false},"excerpt":{"rendered":"<p>\u00c0 propos de QED Combustion Repr\u00e9sentant exclusif de Hauck Manufacturing Lt\u00e9e. pour br\u00fbleurs, vannes et composants QED est une entreprise sp\u00e9cialis\u00e9e dans la conception et l\u2019approvisionnement en syst\u00e8mes de combustion industriels et en mat\u00e9riel, notamment pour la modernisation de fourneaux &hellip; <a href=\"https:\/\/qedcombustion.com\/fr\/profil\">Continuer la lecture <span class=\"meta-nav\">&rarr;<\/span><\/a><\/p>\n","protected":false},"author":1,"featured_media":0,"parent":0,"menu_order":0,"comment_status":"closed","ping_status":"closed","template":"page-qed-sub.php","meta":{"footnotes":""},"class_list":["post-230","page","type-page","status-publish","hentry"],"yoast_head":"<!-- This site is optimized with the Yoast SEO plugin v26.8 - https:\/\/yoast.com\/product\/yoast-seo-wordpress\/ -->\n<title>\u00c0 propos de QED Combustion<\/title>\n<meta name=\"description\" content=\"\u00c0 propos de QED Combustion\" \/>\n<meta name=\"robots\" content=\"index, follow, max-snippet:-1, max-image-preview:large, max-video-preview:-1\" \/>\n<link rel=\"canonical\" href=\"https:\/\/qedcombustion.com\/fr\/profil\" \/>\n<meta property=\"og:locale\" content=\"fr_FR\" \/>\n<meta property=\"og:type\" content=\"article\" \/>\n<meta property=\"og:title\" content=\"\u00c0 propos de QED Combustion\" \/>\n<meta property=\"og:description\" content=\"\u00c0 propos de QED Combustion\" \/>\n<meta property=\"og:url\" content=\"https:\/\/qedcombustion.com\/fr\/profil\" \/>\n<meta property=\"og:site_name\" content=\"QED Combustion\" \/>\n<meta property=\"article:modified_time\" content=\"2020-08-04T20:22:03+00:00\" \/>\n<meta name=\"twitter:label1\" content=\"Dur\u00e9e de lecture estim\u00e9e\" \/>\n\t<meta name=\"twitter:data1\" content=\"1 minute\" \/>\n<script type=\"application\/ld+json\" class=\"yoast-schema-graph\">{\"@context\":\"https:\/\/schema.org\",\"@graph\":[{\"@type\":\"WebPage\",\"@id\":\"https:\/\/qedcombustion.com\/fr\/profil\",\"url\":\"https:\/\/qedcombustion.com\/fr\/profil\",\"name\":\"\u00c0 propos de QED Combustion\",\"isPartOf\":{\"@id\":\"https:\/\/qedcombustion.com\/#website\"},\"datePublished\":\"2013-02-11T19:22:44+00:00\",\"dateModified\":\"2020-08-04T20:22:03+00:00\",\"description\":\"\u00c0 propos de QED Combustion\",\"breadcrumb\":{\"@id\":\"https:\/\/qedcombustion.com\/fr\/profil#breadcrumb\"},\"inLanguage\":\"fr-FR\",\"potentialAction\":[{\"@type\":\"ReadAction\",\"target\":[\"https:\/\/qedcombustion.com\/fr\/profil\"]}]},{\"@type\":\"BreadcrumbList\",\"@id\":\"https:\/\/qedcombustion.com\/fr\/profil#breadcrumb\",\"itemListElement\":[{\"@type\":\"ListItem\",\"position\":1,\"name\":\"Home\",\"item\":\"https:\/\/qedcombustion.com\/fr\"},{\"@type\":\"ListItem\",\"position\":2,\"name\":\"Profil\"}]},{\"@type\":\"WebSite\",\"@id\":\"https:\/\/qedcombustion.com\/#website\",\"url\":\"https:\/\/qedcombustion.com\/\",\"name\":\"QED Combustion\",\"description\":\"\",\"potentialAction\":[{\"@type\":\"SearchAction\",\"target\":{\"@type\":\"EntryPoint\",\"urlTemplate\":\"https:\/\/qedcombustion.com\/?s={search_term_string}\"},\"query-input\":{\"@type\":\"PropertyValueSpecification\",\"valueRequired\":true,\"valueName\":\"search_term_string\"}}],\"inLanguage\":\"fr-FR\"}]}<\/script>\n<!-- \/ Yoast SEO plugin. -->","yoast_head_json":{"title":"\u00c0 propos de QED Combustion","description":"\u00c0 propos de QED Combustion","robots":{"index":"index","follow":"follow","max-snippet":"max-snippet:-1","max-image-preview":"max-image-preview:large","max-video-preview":"max-video-preview:-1"},"canonical":"https:\/\/qedcombustion.com\/fr\/profil","og_locale":"fr_FR","og_type":"article","og_title":"\u00c0 propos de QED Combustion","og_description":"\u00c0 propos de QED Combustion","og_url":"https:\/\/qedcombustion.com\/fr\/profil","og_site_name":"QED Combustion","article_modified_time":"2020-08-04T20:22:03+00:00","twitter_misc":{"Dur\u00e9e de lecture estim\u00e9e":"1 minute"},"schema":{"@context":"https:\/\/schema.org","@graph":[{"@type":"WebPage","@id":"https:\/\/qedcombustion.com\/fr\/profil","url":"https:\/\/qedcombustion.com\/fr\/profil","name":"\u00c0 propos de QED Combustion","isPartOf":{"@id":"https:\/\/qedcombustion.com\/#website"},"datePublished":"2013-02-11T19:22:44+00:00","dateModified":"2020-08-04T20:22:03+00:00","description":"\u00c0 propos de QED Combustion","breadcrumb":{"@id":"https:\/\/qedcombustion.com\/fr\/profil#breadcrumb"},"inLanguage":"fr-FR","potentialAction":[{"@type":"ReadAction","target":["https:\/\/qedcombustion.com\/fr\/profil"]}]},{"@type":"BreadcrumbList","@id":"https:\/\/qedcombustion.com\/fr\/profil#breadcrumb","itemListElement":[{"@type":"ListItem","position":1,"name":"Home","item":"https:\/\/qedcombustion.com\/fr"},{"@type":"ListItem","position":2,"name":"Profil"}]},{"@type":"WebSite","@id":"https:\/\/qedcombustion.com\/#website","url":"https:\/\/qedcombustion.com\/","name":"QED Combustion","description":"","potentialAction":[{"@type":"SearchAction","target":{"@type":"EntryPoint","urlTemplate":"https:\/\/qedcombustion.com\/?s={search_term_string}"},"query-input":{"@type":"PropertyValueSpecification","valueRequired":true,"valueName":"search_term_string"}}],"inLanguage":"fr-FR"}]}},"_links":{"self":[{"href":"https:\/\/qedcombustion.com\/fr\/wp-json\/wp\/v2\/pages\/230","targetHints":{"allow":["GET"]}}],"collection":[{"href":"https:\/\/qedcombustion.com\/fr\/wp-json\/wp\/v2\/pages"}],"about":[{"href":"https:\/\/qedcombustion.com\/fr\/wp-json\/wp\/v2\/types\/page"}],"author":[{"embeddable":true,"href":"https:\/\/qedcombustion.com\/fr\/wp-json\/wp\/v2\/users\/1"}],"replies":[{"embeddable":true,"href":"https:\/\/qedcombustion.com\/fr\/wp-json\/wp\/v2\/comments?post=230"}],"version-history":[{"count":10,"href":"https:\/\/qedcombustion.com\/fr\/wp-json\/wp\/v2\/pages\/230\/revisions"}],"predecessor-version":[{"id":855,"href":"https:\/\/qedcombustion.com\/fr\/wp-json\/wp\/v2\/pages\/230\/revisions\/855"}],"wp:attachment":[{"href":"https:\/\/qedcombustion.com\/fr\/wp-json\/wp\/v2\/media?parent=230"}],"curies":[{"name":"wp","href":"https:\/\/api.w.org\/{rel}","templated":true}]}}