{"id":228,"date":"2013-02-11T19:21:19","date_gmt":"2013-02-11T19:21:19","guid":{"rendered":"http:\/\/qedcombustion.wsihosts.com\/?page_id=228"},"modified":"2020-08-03T13:27:51","modified_gmt":"2020-08-03T17:27:51","slug":"composants-et-accessoires","status":"publish","type":"page","link":"https:\/\/qedcombustion.com\/fr\/composants-et-accessoires","title":{"rendered":"Composants et accessoires"},"content":{"rendered":"<h1>Composants et accessoires<\/h1>\n<h2>Un service rapide \u00e0 des prix comp\u00e9titifs<\/h2>\n<p>Nous offrons un service rapide et des tarifs concurrentiels sur la gamme compl\u00e8te des pi\u00e8ces Kromschroder et Hauck. Nous vous accompagnerons quelle que soit la taille de votre projet.<\/p>\n<ul>\n<li>Vannes de r\u00e9gulation de d\u00e9bit<\/li>\n<li>Vannes de s\u00e9curit\u00e9 pour gaz<\/li>\n<li>R\u00e9gulateurs de pression<\/li>\n<li><a title=\"Souffleurs d\u2019air de combustion\" href=\"http:\/\/www.qedcombustion.com\/fr\/composants-et-accessoires\/souffleurs-dair-de-combustion\">Souffleurs d\u2019air de combustion<\/a><\/li>\n<li>Filtres \u00e0 essence, robinets \u00e0 tournant sph\u00e9rique et d\u00e9bitm\u00e8tres \u00e0 diaphragme<\/li>\n<li>Relais de s\u00e9curit\u00e9 de flamme<\/li>\n<li>Transformateurs d\u2019allumage<\/li>\n<li>Pressostats gaz\/air<\/li>\n<\/ul>\n<h3>La gamme compl\u00e8te des produits Kromschroder :<\/h3>\n<p><img decoding=\"async\" src=\"\/wp-content\/uploads\/2013\/01\/kromschroder-products-e1357159579166.jpg\" alt=\"produits Kromschroder\" \/><\/p>\n","protected":false},"excerpt":{"rendered":"<p>Composants et accessoires Un service rapide \u00e0 des prix comp\u00e9titifs Nous offrons un service rapide et des tarifs concurrentiels sur la gamme compl\u00e8te des pi\u00e8ces Kromschroder et Hauck. Nous vous accompagnerons quelle que soit la taille de votre projet. Vannes &hellip; <a href=\"https:\/\/qedcombustion.com\/fr\/composants-et-accessoires\">Continuer la lecture <span class=\"meta-nav\">&rarr;<\/span><\/a><\/p>\n","protected":false},"author":1,"featured_media":0,"parent":0,"menu_order":0,"comment_status":"closed","ping_status":"closed","template":"page-qed-sub.php","meta":{"footnotes":""},"class_list":["post-228","page","type-page","status-publish","hentry"],"yoast_head":"<!-- This site is optimized with the Yoast SEO plugin v26.8 - https:\/\/yoast.com\/product\/yoast-seo-wordpress\/ -->\n<title>Composants et accessoires offert par QED Combustion<\/title>\n<meta name=\"description\" content=\"Composants et accessoires offert par QED Combustion\" \/>\n<meta name=\"robots\" content=\"index, follow, max-snippet:-1, max-image-preview:large, max-video-preview:-1\" \/>\n<link rel=\"canonical\" href=\"https:\/\/qedcombustion.com\/fr\/composants-et-accessoires\" \/>\n<meta property=\"og:locale\" content=\"fr_FR\" \/>\n<meta property=\"og:type\" content=\"article\" \/>\n<meta property=\"og:title\" content=\"Composants et accessoires offert par QED Combustion\" \/>\n<meta property=\"og:description\" content=\"Composants et accessoires offert par QED Combustion\" \/>\n<meta property=\"og:url\" content=\"https:\/\/qedcombustion.com\/fr\/composants-et-accessoires\" \/>\n<meta property=\"og:site_name\" content=\"QED Combustion\" \/>\n<meta property=\"article:modified_time\" content=\"2020-08-03T17:27:51+00:00\" \/>\n<script type=\"application\/ld+json\" class=\"yoast-schema-graph\">{\"@context\":\"https:\/\/schema.org\",\"@graph\":[{\"@type\":\"WebPage\",\"@id\":\"https:\/\/qedcombustion.com\/fr\/composants-et-accessoires\",\"url\":\"https:\/\/qedcombustion.com\/fr\/composants-et-accessoires\",\"name\":\"Composants et accessoires offert par QED Combustion\",\"isPartOf\":{\"@id\":\"https:\/\/qedcombustion.com\/#website\"},\"datePublished\":\"2013-02-11T19:21:19+00:00\",\"dateModified\":\"2020-08-03T17:27:51+00:00\",\"description\":\"Composants et accessoires offert par QED Combustion\",\"breadcrumb\":{\"@id\":\"https:\/\/qedcombustion.com\/fr\/composants-et-accessoires#breadcrumb\"},\"inLanguage\":\"fr-FR\",\"potentialAction\":[{\"@type\":\"ReadAction\",\"target\":[\"https:\/\/qedcombustion.com\/fr\/composants-et-accessoires\"]}]},{\"@type\":\"BreadcrumbList\",\"@id\":\"https:\/\/qedcombustion.com\/fr\/composants-et-accessoires#breadcrumb\",\"itemListElement\":[{\"@type\":\"ListItem\",\"position\":1,\"name\":\"Home\",\"item\":\"https:\/\/qedcombustion.com\/fr\"},{\"@type\":\"ListItem\",\"position\":2,\"name\":\"Composants et accessoires\"}]},{\"@type\":\"WebSite\",\"@id\":\"https:\/\/qedcombustion.com\/#website\",\"url\":\"https:\/\/qedcombustion.com\/\",\"name\":\"QED Combustion\",\"description\":\"\",\"potentialAction\":[{\"@type\":\"SearchAction\",\"target\":{\"@type\":\"EntryPoint\",\"urlTemplate\":\"https:\/\/qedcombustion.com\/?s={search_term_string}\"},\"query-input\":{\"@type\":\"PropertyValueSpecification\",\"valueRequired\":true,\"valueName\":\"search_term_string\"}}],\"inLanguage\":\"fr-FR\"}]}<\/script>\n<!-- \/ Yoast SEO plugin. -->","yoast_head_json":{"title":"Composants et accessoires offert par QED Combustion","description":"Composants et accessoires offert par QED Combustion","robots":{"index":"index","follow":"follow","max-snippet":"max-snippet:-1","max-image-preview":"max-image-preview:large","max-video-preview":"max-video-preview:-1"},"canonical":"https:\/\/qedcombustion.com\/fr\/composants-et-accessoires","og_locale":"fr_FR","og_type":"article","og_title":"Composants et accessoires offert par QED Combustion","og_description":"Composants et accessoires offert par QED Combustion","og_url":"https:\/\/qedcombustion.com\/fr\/composants-et-accessoires","og_site_name":"QED Combustion","article_modified_time":"2020-08-03T17:27:51+00:00","schema":{"@context":"https:\/\/schema.org","@graph":[{"@type":"WebPage","@id":"https:\/\/qedcombustion.com\/fr\/composants-et-accessoires","url":"https:\/\/qedcombustion.com\/fr\/composants-et-accessoires","name":"Composants et accessoires offert par QED Combustion","isPartOf":{"@id":"https:\/\/qedcombustion.com\/#website"},"datePublished":"2013-02-11T19:21:19+00:00","dateModified":"2020-08-03T17:27:51+00:00","description":"Composants et accessoires offert par QED Combustion","breadcrumb":{"@id":"https:\/\/qedcombustion.com\/fr\/composants-et-accessoires#breadcrumb"},"inLanguage":"fr-FR","potentialAction":[{"@type":"ReadAction","target":["https:\/\/qedcombustion.com\/fr\/composants-et-accessoires"]}]},{"@type":"BreadcrumbList","@id":"https:\/\/qedcombustion.com\/fr\/composants-et-accessoires#breadcrumb","itemListElement":[{"@type":"ListItem","position":1,"name":"Home","item":"https:\/\/qedcombustion.com\/fr"},{"@type":"ListItem","position":2,"name":"Composants et accessoires"}]},{"@type":"WebSite","@id":"https:\/\/qedcombustion.com\/#website","url":"https:\/\/qedcombustion.com\/","name":"QED Combustion","description":"","potentialAction":[{"@type":"SearchAction","target":{"@type":"EntryPoint","urlTemplate":"https:\/\/qedcombustion.com\/?s={search_term_string}"},"query-input":{"@type":"PropertyValueSpecification","valueRequired":true,"valueName":"search_term_string"}}],"inLanguage":"fr-FR"}]}},"_links":{"self":[{"href":"https:\/\/qedcombustion.com\/fr\/wp-json\/wp\/v2\/pages\/228","targetHints":{"allow":["GET"]}}],"collection":[{"href":"https:\/\/qedcombustion.com\/fr\/wp-json\/wp\/v2\/pages"}],"about":[{"href":"https:\/\/qedcombustion.com\/fr\/wp-json\/wp\/v2\/types\/page"}],"author":[{"embeddable":true,"href":"https:\/\/qedcombustion.com\/fr\/wp-json\/wp\/v2\/users\/1"}],"replies":[{"embeddable":true,"href":"https:\/\/qedcombustion.com\/fr\/wp-json\/wp\/v2\/comments?post=228"}],"version-history":[{"count":12,"href":"https:\/\/qedcombustion.com\/fr\/wp-json\/wp\/v2\/pages\/228\/revisions"}],"predecessor-version":[{"id":834,"href":"https:\/\/qedcombustion.com\/fr\/wp-json\/wp\/v2\/pages\/228\/revisions\/834"}],"wp:attachment":[{"href":"https:\/\/qedcombustion.com\/fr\/wp-json\/wp\/v2\/media?parent=228"}],"curies":[{"name":"wp","href":"https:\/\/api.w.org\/{rel}","templated":true}]}}