{"id":227,"date":"2013-02-11T19:21:07","date_gmt":"2013-02-11T19:21:07","guid":{"rendered":"http:\/\/qedcombustion.wsihosts.com\/?page_id=227"},"modified":"2016-01-08T12:39:10","modified_gmt":"2016-01-08T17:39:10","slug":"systemes-de-controle-industriel","status":"publish","type":"page","link":"https:\/\/qedcombustion.com\/fr\/systemes-de-controle-industriel","title":{"rendered":"Syst\u00e8mes de contr\u00f4le industriel"},"content":{"rendered":"<h1>Syst\u00e8mes de contr\u00f4le industriel<\/h1>\n<h2>Fiabilit\u00e9 et s\u00e9curit\u00e9<\/h2>\n<p>QED Combustion Inc. est non seulement un fournisseur de br\u00fbleurs et de composants, il con\u00e7oit et fabrique des syst\u00e8mes de contr\u00f4le de combustion complets. Construits en conformit\u00e9 avec les normes NFPA, UL, CE et CSA les plus r\u00e9centes, ces syst\u00e8mes sont con\u00e7us sp\u00e9cifiquement pour r\u00e9pondre \u00e0 vos besoins.<\/p>\n<p>Nos ing\u00e9nieurs, dessinateurs industriels et techniciens ont des ann\u00e9es d\u2019exp\u00e9rience dans le domaine de la combustion, dans la conception de syst\u00e8me de contr\u00f4le, et dans la mise en service sur site.<\/p>\n<p>Tous les syst\u00e8mes de contr\u00f4le de QED Combustion Inc. sont con\u00e7us au Canada et assembl\u00e9s dans notre centre certifi\u00e9 conforme aux normes en vigueur CSA B149.3 et NFPA 86, relatives \u00e0 l\u2019installation d\u2019\u00e9quipements de combustion. Nos panneaux de contr\u00f4le vont de la simple mais robuste logique de relais, aux syst\u00e8mes avanc\u00e9s bas\u00e9s sur un automate programmable (PLC) et aux syst\u00e8mes \u00e0 impulsion.<\/p>\n<p>Quelle que soit la taille de votre projet, nous sommes pr\u00e9sents pour sa r\u00e9alisation : dispositifs de gaz, panneaux de contr\u00f4le, syst\u00e8me \u00e0 br\u00fbleur unique jusqu\u2019\u00e0 la construction d\u2019une fournaise compl\u00e8te. <\/p>\n<p>Notre compagnie soeur, QED Wire Lines Inc. (www.qedwire.com) est sp\u00e9cialis\u00e9e dans le domaine des fournaises industrielles de grande taille et d\u2019autres mat\u00e9riels de production pour l\u2019industrie du fil d\u2019acier.<\/p>\n<p><img decoding=\"async\" alt=\"Syst\u00e8mes de contr\u00f4le industriel\" style=\"border: 3px solid #ccc; padding:1px;\" src=\"\/wp-content\/uploads\/2012\/12\/combustion-control-systems-e1356638400801.png\" \/><\/p>\n<p>Syst\u00e8me de contr\u00f4le de pression brevet\u00e9 par QED avec r\u00e9gulateurs de proportion Kromschroder GVRH fournissant une r\u00e9gulation de d\u00e9bit massique aux br\u00fbleurs \u00e0 technologie de r\u00e9cup\u00e9ration<\/p>\n","protected":false},"excerpt":{"rendered":"<p>Syst\u00e8mes de contr\u00f4le industriel Fiabilit\u00e9 et s\u00e9curit\u00e9 QED Combustion Inc. est non seulement un fournisseur de br\u00fbleurs et de composants, il con\u00e7oit et fabrique des syst\u00e8mes de contr\u00f4le de combustion complets. Construits en conformit\u00e9 avec les normes NFPA, UL, CE &hellip; <a href=\"https:\/\/qedcombustion.com\/fr\/systemes-de-controle-industriel\">Continuer la lecture <span class=\"meta-nav\">&rarr;<\/span><\/a><\/p>\n","protected":false},"author":1,"featured_media":0,"parent":0,"menu_order":0,"comment_status":"closed","ping_status":"closed","template":"page-qed-sub.php","meta":{"footnotes":""},"class_list":["post-227","page","type-page","status-publish","hentry"],"yoast_head":"<!-- This site is optimized with the Yoast SEO plugin v26.8 - https:\/\/yoast.com\/product\/yoast-seo-wordpress\/ -->\n<title>Syst\u00e8mes de contr\u00f4le industriel par QED Combustion<\/title>\n<meta name=\"description\" content=\"Syst\u00e8mes de contr\u00f4le industriel par QED Combustion\" \/>\n<meta name=\"robots\" content=\"index, follow, max-snippet:-1, max-image-preview:large, max-video-preview:-1\" \/>\n<link rel=\"canonical\" href=\"https:\/\/qedcombustion.com\/fr\/systemes-de-controle-industriel\" \/>\n<meta property=\"og:locale\" content=\"fr_FR\" \/>\n<meta property=\"og:type\" content=\"article\" \/>\n<meta property=\"og:title\" content=\"Syst\u00e8mes de contr\u00f4le industriel par QED Combustion\" \/>\n<meta property=\"og:description\" content=\"Syst\u00e8mes de contr\u00f4le industriel par QED Combustion\" \/>\n<meta property=\"og:url\" content=\"https:\/\/qedcombustion.com\/fr\/systemes-de-controle-industriel\" \/>\n<meta property=\"og:site_name\" content=\"QED Combustion\" \/>\n<meta property=\"article:modified_time\" content=\"2016-01-08T17:39:10+00:00\" \/>\n<meta name=\"twitter:label1\" content=\"Dur\u00e9e de lecture estim\u00e9e\" \/>\n\t<meta name=\"twitter:data1\" content=\"1 minute\" \/>\n<script type=\"application\/ld+json\" class=\"yoast-schema-graph\">{\"@context\":\"https:\/\/schema.org\",\"@graph\":[{\"@type\":\"WebPage\",\"@id\":\"https:\/\/qedcombustion.com\/fr\/systemes-de-controle-industriel\",\"url\":\"https:\/\/qedcombustion.com\/fr\/systemes-de-controle-industriel\",\"name\":\"Syst\u00e8mes de contr\u00f4le industriel par QED Combustion\",\"isPartOf\":{\"@id\":\"https:\/\/qedcombustion.com\/#website\"},\"datePublished\":\"2013-02-11T19:21:07+00:00\",\"dateModified\":\"2016-01-08T17:39:10+00:00\",\"description\":\"Syst\u00e8mes de contr\u00f4le industriel par QED Combustion\",\"breadcrumb\":{\"@id\":\"https:\/\/qedcombustion.com\/fr\/systemes-de-controle-industriel#breadcrumb\"},\"inLanguage\":\"fr-FR\",\"potentialAction\":[{\"@type\":\"ReadAction\",\"target\":[\"https:\/\/qedcombustion.com\/fr\/systemes-de-controle-industriel\"]}]},{\"@type\":\"BreadcrumbList\",\"@id\":\"https:\/\/qedcombustion.com\/fr\/systemes-de-controle-industriel#breadcrumb\",\"itemListElement\":[{\"@type\":\"ListItem\",\"position\":1,\"name\":\"Home\",\"item\":\"https:\/\/qedcombustion.com\/fr\"},{\"@type\":\"ListItem\",\"position\":2,\"name\":\"Syst\u00e8mes de contr\u00f4le industriel\"}]},{\"@type\":\"WebSite\",\"@id\":\"https:\/\/qedcombustion.com\/#website\",\"url\":\"https:\/\/qedcombustion.com\/\",\"name\":\"QED Combustion\",\"description\":\"\",\"potentialAction\":[{\"@type\":\"SearchAction\",\"target\":{\"@type\":\"EntryPoint\",\"urlTemplate\":\"https:\/\/qedcombustion.com\/?s={search_term_string}\"},\"query-input\":{\"@type\":\"PropertyValueSpecification\",\"valueRequired\":true,\"valueName\":\"search_term_string\"}}],\"inLanguage\":\"fr-FR\"}]}<\/script>\n<!-- \/ Yoast SEO plugin. -->","yoast_head_json":{"title":"Syst\u00e8mes de contr\u00f4le industriel par QED Combustion","description":"Syst\u00e8mes de contr\u00f4le industriel par QED Combustion","robots":{"index":"index","follow":"follow","max-snippet":"max-snippet:-1","max-image-preview":"max-image-preview:large","max-video-preview":"max-video-preview:-1"},"canonical":"https:\/\/qedcombustion.com\/fr\/systemes-de-controle-industriel","og_locale":"fr_FR","og_type":"article","og_title":"Syst\u00e8mes de contr\u00f4le industriel par QED Combustion","og_description":"Syst\u00e8mes de contr\u00f4le industriel par QED Combustion","og_url":"https:\/\/qedcombustion.com\/fr\/systemes-de-controle-industriel","og_site_name":"QED Combustion","article_modified_time":"2016-01-08T17:39:10+00:00","twitter_misc":{"Dur\u00e9e de lecture estim\u00e9e":"1 minute"},"schema":{"@context":"https:\/\/schema.org","@graph":[{"@type":"WebPage","@id":"https:\/\/qedcombustion.com\/fr\/systemes-de-controle-industriel","url":"https:\/\/qedcombustion.com\/fr\/systemes-de-controle-industriel","name":"Syst\u00e8mes de contr\u00f4le industriel par QED Combustion","isPartOf":{"@id":"https:\/\/qedcombustion.com\/#website"},"datePublished":"2013-02-11T19:21:07+00:00","dateModified":"2016-01-08T17:39:10+00:00","description":"Syst\u00e8mes de contr\u00f4le industriel par QED Combustion","breadcrumb":{"@id":"https:\/\/qedcombustion.com\/fr\/systemes-de-controle-industriel#breadcrumb"},"inLanguage":"fr-FR","potentialAction":[{"@type":"ReadAction","target":["https:\/\/qedcombustion.com\/fr\/systemes-de-controle-industriel"]}]},{"@type":"BreadcrumbList","@id":"https:\/\/qedcombustion.com\/fr\/systemes-de-controle-industriel#breadcrumb","itemListElement":[{"@type":"ListItem","position":1,"name":"Home","item":"https:\/\/qedcombustion.com\/fr"},{"@type":"ListItem","position":2,"name":"Syst\u00e8mes de contr\u00f4le industriel"}]},{"@type":"WebSite","@id":"https:\/\/qedcombustion.com\/#website","url":"https:\/\/qedcombustion.com\/","name":"QED Combustion","description":"","potentialAction":[{"@type":"SearchAction","target":{"@type":"EntryPoint","urlTemplate":"https:\/\/qedcombustion.com\/?s={search_term_string}"},"query-input":{"@type":"PropertyValueSpecification","valueRequired":true,"valueName":"search_term_string"}}],"inLanguage":"fr-FR"}]}},"_links":{"self":[{"href":"https:\/\/qedcombustion.com\/fr\/wp-json\/wp\/v2\/pages\/227","targetHints":{"allow":["GET"]}}],"collection":[{"href":"https:\/\/qedcombustion.com\/fr\/wp-json\/wp\/v2\/pages"}],"about":[{"href":"https:\/\/qedcombustion.com\/fr\/wp-json\/wp\/v2\/types\/page"}],"author":[{"embeddable":true,"href":"https:\/\/qedcombustion.com\/fr\/wp-json\/wp\/v2\/users\/1"}],"replies":[{"embeddable":true,"href":"https:\/\/qedcombustion.com\/fr\/wp-json\/wp\/v2\/comments?post=227"}],"version-history":[{"count":7,"href":"https:\/\/qedcombustion.com\/fr\/wp-json\/wp\/v2\/pages\/227\/revisions"}],"predecessor-version":[{"id":788,"href":"https:\/\/qedcombustion.com\/fr\/wp-json\/wp\/v2\/pages\/227\/revisions\/788"}],"wp:attachment":[{"href":"https:\/\/qedcombustion.com\/fr\/wp-json\/wp\/v2\/media?parent=227"}],"curies":[{"name":"wp","href":"https:\/\/api.w.org\/{rel}","templated":true}]}}